{"id":10878,"date":"2021-09-06T14:49:57","date_gmt":"2021-09-06T14:49:57","guid":{"rendered":"https:\/\/www.cpureus.com\/?page_id=10878"},"modified":"2022-08-31T18:32:59","modified_gmt":"2022-08-31T16:32:59","slug":"clausula-formulario-inmobiliaria","status":"publish","type":"page","link":"https:\/\/www.cpureus.com\/es\/clausula-formulario-inmobiliaria\/","title":{"rendered":"Cl\u00e1usula formulario inmobiliaria"},"content":{"rendered":"<p>[et_pb_section fb_built=&#8221;1&#8243; _builder_version=&#8221;4.9.11&#8243; _module_preset=&#8221;default&#8221; global_colors_info=&#8221;{}&#8221;][et_pb_row _builder_version=&#8221;4.9.11&#8243; _module_preset=&#8221;default&#8221; global_colors_info=&#8221;{}&#8221;][et_pb_column type=&#8221;4_4&#8243; _builder_version=&#8221;4.9.11&#8243; _module_preset=&#8221;default&#8221; global_colors_info=&#8221;{}&#8221;][et_pb_text _builder_version=&#8221;4.9.11&#8243; _module_preset=&#8221;default&#8221; global_colors_info=&#8221;{}&#8221;]<\/p>\n<table width=\"640\">\n<tbody>\n<tr>\n<td colspan=\"2\" width=\"640\">\n<p><strong>Protecci\u00f3n de Datos RGPDUE 2016\/679 \u2013 LOPDGDD 3\/2018Ver<\/strong>.<em><strong>\u00a021.0<\/strong><\/em><\/p>\n<\/td>\n<\/tr>\n<tr>\n<td width=\"115\">\n<p><strong>Responsable<\/strong><\/p>\n<\/td>\n<td width=\"525\">\n<p><strong>CAMBRA DE LA PROPIETAT URBANA DE REUS<\/strong><\/p>\n<\/td>\n<\/tr>\n<tr>\n<td width=\"115\">\n<p><strong>Finalidad<\/strong><\/p>\n<p><strong>\u00a0<\/strong><\/p>\n<\/td>\n<td width=\"525\">\n<p>Recogida y tratamiento de sus datos para atender su solicitud de vender su piso o local, as\u00ed como facilitarle informaci\u00f3n peri\u00f3dicamente sobre nuestros productos y servicios que pueden ser de su inter\u00e9s y\/o preferencia por medios electr\u00f3nicos actuales o futuros, siempre que nos autorice a su tratamiento.<\/p>\n<\/td>\n<\/tr>\n<tr>\n<td width=\"115\">\n<p><strong>Legitimaci\u00f3n<\/strong><\/p>\n<\/td>\n<td width=\"525\">\n<p>Consentimiento inequ\u00edvoco y especifico otorgado por el propio interesado.<\/p>\n<p>Inter\u00e9s leg\u00edtimo del tratamiento por parte del responsable para mantener la relaci\u00f3n con usted.<\/p>\n<\/td>\n<\/tr>\n<tr>\n<td width=\"115\">\n<p><strong>Destinatarios<\/strong><\/p>\n<\/td>\n<td width=\"525\">\n<p>\u00danicamente se ceder\u00e1n datos a entidades y\/o profesiones que colaboren con nosotros con la finalidad de la ejecuci\u00f3n de un contrato o convenio, y\/o dar cumplimiento a las obligaciones legales que se deriven.<\/p>\n<\/td>\n<\/tr>\n<tr>\n<td width=\"115\">\n<p><strong>Derechos<\/strong><\/p>\n<\/td>\n<td width=\"525\">\n<p>Acceder, rectificar y suprimir los datos, as\u00ed como otros derechos como se explica en la informaci\u00f3n adicional.<\/p>\n<\/td>\n<\/tr>\n<tr>\n<td width=\"115\">\n<p><strong>Informaci\u00f3n adicional<\/strong><\/p>\n<\/td>\n<td width=\"525\">\n<p>Puede consultar la informaci\u00f3n adicional y detallada sobre protecci\u00f3n de datos en nuestra p\u00e1gina web: www.cpureus.com<\/p>\n<\/td>\n<\/tr>\n<\/tbody>\n<\/table>\n<p>[\/et_pb_text][\/et_pb_column][\/et_pb_row][\/et_pb_section]<\/p>\n","protected":false},"excerpt":{"rendered":"<p>Protecci\u00f3n de Datos RGPDUE 2016\/679 \u2013 LOPDGDD 3\/2018Ver.\u00a021.0 Responsable CAMBRA DE LA PROPIETAT URBANA DE REUS Finalidad \u00a0 Recogida y tratamiento de sus datos para atender su solicitud de vender su piso o local, as\u00ed como facilitarle informaci\u00f3n peri\u00f3dicamente sobre nuestros productos y servicios que pueden ser de su inter\u00e9s y\/o preferencia por medios electr\u00f3nicos [&hellip;]<\/p>\n","protected":false},"author":1,"featured_media":0,"parent":0,"menu_order":0,"comment_status":"closed","ping_status":"closed","template":"","meta":{"_et_pb_use_builder":"on","_et_pb_old_content":"","_et_gb_content_width":"","_joinchat":[],"footnotes":""},"class_list":["post-10878","page","type-page","status-publish","hentry"],"yoast_head":"<!-- This site is optimized with the Yoast SEO plugin v27.1.1 - https:\/\/yoast.com\/product\/yoast-seo-wordpress\/ -->\n<title>Cl\u00e1usula formulario inmobiliaria - Cambra de la propietat urbana de Reus<\/title>\n<meta name=\"robots\" content=\"noindex, nofollow\" \/>\n<meta property=\"og:locale\" content=\"es_ES\" \/>\n<meta property=\"og:type\" content=\"article\" \/>\n<meta property=\"og:title\" content=\"Cl\u00e1usula formulario inmobiliaria - Cambra de la propietat urbana de Reus\" \/>\n<meta property=\"og:description\" content=\"Protecci\u00f3n de Datos RGPDUE 2016\/679 \u2013 LOPDGDD 3\/2018Ver.\u00a021.0 Responsable CAMBRA DE LA PROPIETAT URBANA DE REUS Finalidad \u00a0 Recogida y tratamiento de sus datos para atender su solicitud de vender su piso o local, as\u00ed como facilitarle informaci\u00f3n peri\u00f3dicamente sobre nuestros productos y servicios que pueden ser de su inter\u00e9s y\/o preferencia por medios electr\u00f3nicos [&hellip;]\" \/>\n<meta property=\"og:url\" content=\"https:\/\/www.cpureus.com\/es\/clausula-formulario-inmobiliaria\/\" \/>\n<meta property=\"og:site_name\" content=\"Cambra de la propietat urbana de Reus\" \/>\n<meta property=\"article:modified_time\" content=\"2022-08-31T16:32:59+00:00\" \/>\n<meta name=\"twitter:card\" content=\"summary_large_image\" \/>\n<meta name=\"twitter:label1\" content=\"Tiempo de lectura\" \/>\n\t<meta name=\"twitter:data1\" content=\"1 minuto\" \/>\n<script type=\"application\/ld+json\" class=\"yoast-schema-graph\">{\"@context\":\"https:\/\/schema.org\",\"@graph\":[{\"@type\":\"WebPage\",\"@id\":\"https:\/\/www.cpureus.com\/es\/clausula-formulario-inmobiliaria\/\",\"url\":\"https:\/\/www.cpureus.com\/es\/clausula-formulario-inmobiliaria\/\",\"name\":\"Cl\u00e1usula formulario inmobiliaria - Cambra de la propietat urbana de Reus\",\"isPartOf\":{\"@id\":\"https:\/\/www.cpureus.com\/#website\"},\"datePublished\":\"2021-09-06T14:49:57+00:00\",\"dateModified\":\"2022-08-31T16:32:59+00:00\",\"breadcrumb\":{\"@id\":\"https:\/\/www.cpureus.com\/es\/clausula-formulario-inmobiliaria\/#breadcrumb\"},\"inLanguage\":\"es\",\"potentialAction\":[{\"@type\":\"ReadAction\",\"target\":[\"https:\/\/www.cpureus.com\/es\/clausula-formulario-inmobiliaria\/\"]}]},{\"@type\":\"BreadcrumbList\",\"@id\":\"https:\/\/www.cpureus.com\/es\/clausula-formulario-inmobiliaria\/#breadcrumb\",\"itemListElement\":[{\"@type\":\"ListItem\",\"position\":1,\"name\":\"Inici\",\"item\":\"https:\/\/www.cpureus.com\/es\/\"},{\"@type\":\"ListItem\",\"position\":2,\"name\":\"Cl\u00e1usula formulario inmobiliaria\"}]},{\"@type\":\"WebSite\",\"@id\":\"https:\/\/www.cpureus.com\/#website\",\"url\":\"https:\/\/www.cpureus.com\/\",\"name\":\"Cambra de la propietat urbana de Reus\",\"description\":\"Cambra de la propietat urbana de Reus\",\"potentialAction\":[{\"@type\":\"SearchAction\",\"target\":{\"@type\":\"EntryPoint\",\"urlTemplate\":\"https:\/\/www.cpureus.com\/?s={search_term_string}\"},\"query-input\":{\"@type\":\"PropertyValueSpecification\",\"valueRequired\":true,\"valueName\":\"search_term_string\"}}],\"inLanguage\":\"es\"}]}<\/script>\n<!-- \/ Yoast SEO plugin. -->","yoast_head_json":{"title":"Cl\u00e1usula formulario inmobiliaria - Cambra de la propietat urbana de Reus","robots":{"index":"noindex","follow":"nofollow"},"og_locale":"es_ES","og_type":"article","og_title":"Cl\u00e1usula formulario inmobiliaria - Cambra de la propietat urbana de Reus","og_description":"Protecci\u00f3n de Datos RGPDUE 2016\/679 \u2013 LOPDGDD 3\/2018Ver.\u00a021.0 Responsable CAMBRA DE LA PROPIETAT URBANA DE REUS Finalidad \u00a0 Recogida y tratamiento de sus datos para atender su solicitud de vender su piso o local, as\u00ed como facilitarle informaci\u00f3n peri\u00f3dicamente sobre nuestros productos y servicios que pueden ser de su inter\u00e9s y\/o preferencia por medios electr\u00f3nicos [&hellip;]","og_url":"https:\/\/www.cpureus.com\/es\/clausula-formulario-inmobiliaria\/","og_site_name":"Cambra de la propietat urbana de Reus","article_modified_time":"2022-08-31T16:32:59+00:00","twitter_card":"summary_large_image","twitter_misc":{"Tiempo de lectura":"1 minuto"},"schema":{"@context":"https:\/\/schema.org","@graph":[{"@type":"WebPage","@id":"https:\/\/www.cpureus.com\/es\/clausula-formulario-inmobiliaria\/","url":"https:\/\/www.cpureus.com\/es\/clausula-formulario-inmobiliaria\/","name":"Cl\u00e1usula formulario inmobiliaria - Cambra de la propietat urbana de Reus","isPartOf":{"@id":"https:\/\/www.cpureus.com\/#website"},"datePublished":"2021-09-06T14:49:57+00:00","dateModified":"2022-08-31T16:32:59+00:00","breadcrumb":{"@id":"https:\/\/www.cpureus.com\/es\/clausula-formulario-inmobiliaria\/#breadcrumb"},"inLanguage":"es","potentialAction":[{"@type":"ReadAction","target":["https:\/\/www.cpureus.com\/es\/clausula-formulario-inmobiliaria\/"]}]},{"@type":"BreadcrumbList","@id":"https:\/\/www.cpureus.com\/es\/clausula-formulario-inmobiliaria\/#breadcrumb","itemListElement":[{"@type":"ListItem","position":1,"name":"Inici","item":"https:\/\/www.cpureus.com\/es\/"},{"@type":"ListItem","position":2,"name":"Cl\u00e1usula formulario inmobiliaria"}]},{"@type":"WebSite","@id":"https:\/\/www.cpureus.com\/#website","url":"https:\/\/www.cpureus.com\/","name":"Cambra de la propietat urbana de Reus","description":"Cambra de la propietat urbana de Reus","potentialAction":[{"@type":"SearchAction","target":{"@type":"EntryPoint","urlTemplate":"https:\/\/www.cpureus.com\/?s={search_term_string}"},"query-input":{"@type":"PropertyValueSpecification","valueRequired":true,"valueName":"search_term_string"}}],"inLanguage":"es"}]}},"_links":{"self":[{"href":"https:\/\/www.cpureus.com\/es\/wp-json\/wp\/v2\/pages\/10878","targetHints":{"allow":["GET"]}}],"collection":[{"href":"https:\/\/www.cpureus.com\/es\/wp-json\/wp\/v2\/pages"}],"about":[{"href":"https:\/\/www.cpureus.com\/es\/wp-json\/wp\/v2\/types\/page"}],"author":[{"embeddable":true,"href":"https:\/\/www.cpureus.com\/es\/wp-json\/wp\/v2\/users\/1"}],"replies":[{"embeddable":true,"href":"https:\/\/www.cpureus.com\/es\/wp-json\/wp\/v2\/comments?post=10878"}],"version-history":[{"count":3,"href":"https:\/\/www.cpureus.com\/es\/wp-json\/wp\/v2\/pages\/10878\/revisions"}],"predecessor-version":[{"id":12939,"href":"https:\/\/www.cpureus.com\/es\/wp-json\/wp\/v2\/pages\/10878\/revisions\/12939"}],"wp:attachment":[{"href":"https:\/\/www.cpureus.com\/es\/wp-json\/wp\/v2\/media?parent=10878"}],"curies":[{"name":"wp","href":"https:\/\/api.w.org\/{rel}","templated":true}]}}