{"id":9700,"date":"2021-07-09T15:46:24","date_gmt":"2021-07-09T15:46:24","guid":{"rendered":"http:\/\/www.cpureus.com\/?page_id=9700"},"modified":"2021-07-09T15:47:20","modified_gmt":"2021-07-09T15:47:20","slug":"clausula-formulario-fianzas","status":"publish","type":"page","link":"https:\/\/www.cpureus.com\/es\/fianzas\/formulario-fianzas-grandes-tenedores\/clausula-formulario-fianzas\/","title":{"rendered":"Cl\u00e1usula formulario Fianzas"},"content":{"rendered":"<p>[et_pb_section fb_built=&#8221;1&#8243; _builder_version=&#8221;4.9.0&#8243; _module_preset=&#8221;default&#8221;][et_pb_row _builder_version=&#8221;4.9.0&#8243; _module_preset=&#8221;default&#8221;][et_pb_column type=&#8221;4_4&#8243; _builder_version=&#8221;4.9.0&#8243; _module_preset=&#8221;default&#8221;][et_pb_text _builder_version=&#8221;4.9.0&#8243; _module_preset=&#8221;default&#8221;]<\/p>\n<table width=\"640\">\n<tbody>\n<tr>\n<td colspan=\"2\" width=\"640\">\n<p><strong>Protecci\u00f3n de Datos RGPDUE 2016\/679 \u2013 LOPDGDD 3\/2018Ver<\/strong>.<em><strong>\u00a021.0<\/strong><\/em><\/p>\n<\/td>\n<\/tr>\n<tr>\n<td width=\"115\">\n<p><strong>Responsable<\/strong><\/p>\n<\/td>\n<td width=\"525\">\n<p><strong>CAMBRA DE LA PROPIETAT URBANA DE REUS<\/strong><\/p>\n<\/td>\n<\/tr>\n<tr>\n<td width=\"115\">\n<p><strong>Finalidad<\/strong><\/p>\n<p><strong>\u00a0<\/strong><\/p>\n<\/td>\n<td width=\"525\">\n<p>Recogida y tratamiento de sus datos para gestionar sus fianzas (ingresos y devoluciones) de manera telem\u00e1tica.<\/p>\n<\/td>\n<\/tr>\n<tr>\n<td width=\"115\">\n<p><strong>Legitimaci\u00f3n<\/strong><\/p>\n<p><strong>\u00a0<\/strong><\/p>\n<\/td>\n<td width=\"525\">\n<p>Inter\u00e9s leg\u00edtimo del tratamiento por parte del responsable para mantener la relaci\u00f3n\/servicios con clientes y\/o posibles clientes.<\/p>\n<p>Consentimiento inequ\u00edvoco y especifico otorgado por el propio interesado<\/p>\n<\/td>\n<\/tr>\n<tr>\n<td width=\"115\">\n<p><strong>Destinatarios<\/strong><\/p>\n<\/td>\n<td width=\"525\">\n<p>\u00danicamente se ceder\u00e1n datos a entidades y\/o profesiones que colaboren con nosotros con la finalidad de la ejecuci\u00f3n de un contrato o convenio, y\/o dar cumplimiento a las obligaciones legales que se deriven.<\/p>\n<\/td>\n<\/tr>\n<tr>\n<td width=\"115\">\n<p><strong>Derechos<\/strong><\/p>\n<\/td>\n<td width=\"525\">\n<p>Acceder, rectificar y suprimir los datos, as\u00ed como otros derechos como se explica en la informaci\u00f3n adicional.<\/p>\n<\/td>\n<\/tr>\n<tr>\n<td width=\"115\">\n<p><strong>Informaci\u00f3n adicional<\/strong><\/p>\n<\/td>\n<td width=\"525\">\n<p>Puede consultar la informaci\u00f3n adicional y detallada sobre protecci\u00f3n de datos en nuestra p\u00e1gina web: www.cpureus.com<\/p>\n<\/td>\n<\/tr>\n<\/tbody>\n<\/table>\n<p>&nbsp;<\/p>\n<p>[\/et_pb_text][\/et_pb_column][\/et_pb_row][\/et_pb_section]<\/p>\n","protected":false},"excerpt":{"rendered":"<p>Protecci\u00f3n de Datos RGPDUE 2016\/679 \u2013 LOPDGDD 3\/2018Ver.\u00a021.0 Responsable CAMBRA DE LA PROPIETAT URBANA DE REUS Finalidad \u00a0 Recogida y tratamiento de sus datos para gestionar sus fianzas (ingresos y devoluciones) de manera telem\u00e1tica. Legitimaci\u00f3n \u00a0 Inter\u00e9s leg\u00edtimo del tratamiento por parte del responsable para mantener la relaci\u00f3n\/servicios con clientes y\/o posibles clientes. Consentimiento inequ\u00edvoco [&hellip;]<\/p>\n","protected":false},"author":1,"featured_media":0,"parent":9866,"menu_order":0,"comment_status":"closed","ping_status":"closed","template":"","meta":{"_et_pb_use_builder":"on","_et_pb_old_content":"","_et_gb_content_width":"","_joinchat":[],"footnotes":""},"class_list":["post-9700","page","type-page","status-publish","hentry"],"yoast_head":"<!-- This site is optimized with the Yoast SEO plugin v27.1.1 - https:\/\/yoast.com\/product\/yoast-seo-wordpress\/ -->\n<title>Cl\u00e1usula formulario Fianzas - Cambra de la propietat urbana de Reus<\/title>\n<meta name=\"robots\" content=\"index, follow, max-snippet:-1, max-image-preview:large, max-video-preview:-1\" \/>\n<link rel=\"canonical\" href=\"https:\/\/www.cpureus.com\/es\/fianzas\/formulario-fianzas-grandes-tenedores\/clausula-formulario-fianzas\/\" \/>\n<meta property=\"og:locale\" content=\"es_ES\" \/>\n<meta property=\"og:type\" content=\"article\" \/>\n<meta property=\"og:title\" content=\"Cl\u00e1usula formulario Fianzas - Cambra de la propietat urbana de Reus\" \/>\n<meta property=\"og:description\" content=\"Protecci\u00f3n de Datos RGPDUE 2016\/679 \u2013 LOPDGDD 3\/2018Ver.\u00a021.0 Responsable CAMBRA DE LA PROPIETAT URBANA DE REUS Finalidad \u00a0 Recogida y tratamiento de sus datos para gestionar sus fianzas (ingresos y devoluciones) de manera telem\u00e1tica. Legitimaci\u00f3n \u00a0 Inter\u00e9s leg\u00edtimo del tratamiento por parte del responsable para mantener la relaci\u00f3n\/servicios con clientes y\/o posibles clientes. Consentimiento inequ\u00edvoco [&hellip;]\" \/>\n<meta property=\"og:url\" content=\"https:\/\/www.cpureus.com\/es\/fianzas\/formulario-fianzas-grandes-tenedores\/clausula-formulario-fianzas\/\" \/>\n<meta property=\"og:site_name\" content=\"Cambra de la propietat urbana de Reus\" \/>\n<meta property=\"article:modified_time\" content=\"2021-07-09T15:47:20+00:00\" \/>\n<meta name=\"twitter:card\" content=\"summary_large_image\" \/>\n<meta name=\"twitter:label1\" content=\"Tiempo de lectura\" \/>\n\t<meta name=\"twitter:data1\" content=\"1 minuto\" \/>\n<script type=\"application\/ld+json\" class=\"yoast-schema-graph\">{\"@context\":\"https:\/\/schema.org\",\"@graph\":[{\"@type\":\"WebPage\",\"@id\":\"https:\/\/www.cpureus.com\/es\/fianzas\/formulario-fianzas-grandes-tenedores\/clausula-formulario-fianzas\/\",\"url\":\"https:\/\/www.cpureus.com\/es\/fianzas\/formulario-fianzas-grandes-tenedores\/clausula-formulario-fianzas\/\",\"name\":\"Cl\u00e1usula formulario Fianzas - Cambra de la propietat urbana de Reus\",\"isPartOf\":{\"@id\":\"https:\/\/www.cpureus.com\/#website\"},\"datePublished\":\"2021-07-09T15:46:24+00:00\",\"dateModified\":\"2021-07-09T15:47:20+00:00\",\"breadcrumb\":{\"@id\":\"https:\/\/www.cpureus.com\/es\/fianzas\/formulario-fianzas-grandes-tenedores\/clausula-formulario-fianzas\/#breadcrumb\"},\"inLanguage\":\"es\",\"potentialAction\":[{\"@type\":\"ReadAction\",\"target\":[\"https:\/\/www.cpureus.com\/es\/fianzas\/formulario-fianzas-grandes-tenedores\/clausula-formulario-fianzas\/\"]}]},{\"@type\":\"BreadcrumbList\",\"@id\":\"https:\/\/www.cpureus.com\/es\/fianzas\/formulario-fianzas-grandes-tenedores\/clausula-formulario-fianzas\/#breadcrumb\",\"itemListElement\":[{\"@type\":\"ListItem\",\"position\":1,\"name\":\"Inici\",\"item\":\"https:\/\/www.cpureus.com\/es\/\"},{\"@type\":\"ListItem\",\"position\":2,\"name\":\"Fianzas\",\"item\":\"https:\/\/www.cpureus.com\/es\/fianzas\/\"},{\"@type\":\"ListItem\",\"position\":3,\"name\":\"Formulario Fianzas grandes tenedores\",\"item\":\"https:\/\/www.cpureus.com\/es\/fianzas\/formulario-fianzas-grandes-tenedores\/\"},{\"@type\":\"ListItem\",\"position\":4,\"name\":\"Cl\u00e1usula formulario Fianzas\"}]},{\"@type\":\"WebSite\",\"@id\":\"https:\/\/www.cpureus.com\/#website\",\"url\":\"https:\/\/www.cpureus.com\/\",\"name\":\"Cambra de la propietat urbana de Reus\",\"description\":\"Cambra de la propietat urbana de Reus\",\"potentialAction\":[{\"@type\":\"SearchAction\",\"target\":{\"@type\":\"EntryPoint\",\"urlTemplate\":\"https:\/\/www.cpureus.com\/?s={search_term_string}\"},\"query-input\":{\"@type\":\"PropertyValueSpecification\",\"valueRequired\":true,\"valueName\":\"search_term_string\"}}],\"inLanguage\":\"es\"}]}<\/script>\n<!-- \/ Yoast SEO plugin. -->","yoast_head_json":{"title":"Cl\u00e1usula formulario Fianzas - Cambra de la propietat urbana de Reus","robots":{"index":"index","follow":"follow","max-snippet":"max-snippet:-1","max-image-preview":"max-image-preview:large","max-video-preview":"max-video-preview:-1"},"canonical":"https:\/\/www.cpureus.com\/es\/fianzas\/formulario-fianzas-grandes-tenedores\/clausula-formulario-fianzas\/","og_locale":"es_ES","og_type":"article","og_title":"Cl\u00e1usula formulario Fianzas - Cambra de la propietat urbana de Reus","og_description":"Protecci\u00f3n de Datos RGPDUE 2016\/679 \u2013 LOPDGDD 3\/2018Ver.\u00a021.0 Responsable CAMBRA DE LA PROPIETAT URBANA DE REUS Finalidad \u00a0 Recogida y tratamiento de sus datos para gestionar sus fianzas (ingresos y devoluciones) de manera telem\u00e1tica. Legitimaci\u00f3n \u00a0 Inter\u00e9s leg\u00edtimo del tratamiento por parte del responsable para mantener la relaci\u00f3n\/servicios con clientes y\/o posibles clientes. Consentimiento inequ\u00edvoco [&hellip;]","og_url":"https:\/\/www.cpureus.com\/es\/fianzas\/formulario-fianzas-grandes-tenedores\/clausula-formulario-fianzas\/","og_site_name":"Cambra de la propietat urbana de Reus","article_modified_time":"2021-07-09T15:47:20+00:00","twitter_card":"summary_large_image","twitter_misc":{"Tiempo de lectura":"1 minuto"},"schema":{"@context":"https:\/\/schema.org","@graph":[{"@type":"WebPage","@id":"https:\/\/www.cpureus.com\/es\/fianzas\/formulario-fianzas-grandes-tenedores\/clausula-formulario-fianzas\/","url":"https:\/\/www.cpureus.com\/es\/fianzas\/formulario-fianzas-grandes-tenedores\/clausula-formulario-fianzas\/","name":"Cl\u00e1usula formulario Fianzas - Cambra de la propietat urbana de Reus","isPartOf":{"@id":"https:\/\/www.cpureus.com\/#website"},"datePublished":"2021-07-09T15:46:24+00:00","dateModified":"2021-07-09T15:47:20+00:00","breadcrumb":{"@id":"https:\/\/www.cpureus.com\/es\/fianzas\/formulario-fianzas-grandes-tenedores\/clausula-formulario-fianzas\/#breadcrumb"},"inLanguage":"es","potentialAction":[{"@type":"ReadAction","target":["https:\/\/www.cpureus.com\/es\/fianzas\/formulario-fianzas-grandes-tenedores\/clausula-formulario-fianzas\/"]}]},{"@type":"BreadcrumbList","@id":"https:\/\/www.cpureus.com\/es\/fianzas\/formulario-fianzas-grandes-tenedores\/clausula-formulario-fianzas\/#breadcrumb","itemListElement":[{"@type":"ListItem","position":1,"name":"Inici","item":"https:\/\/www.cpureus.com\/es\/"},{"@type":"ListItem","position":2,"name":"Fianzas","item":"https:\/\/www.cpureus.com\/es\/fianzas\/"},{"@type":"ListItem","position":3,"name":"Formulario Fianzas grandes tenedores","item":"https:\/\/www.cpureus.com\/es\/fianzas\/formulario-fianzas-grandes-tenedores\/"},{"@type":"ListItem","position":4,"name":"Cl\u00e1usula formulario Fianzas"}]},{"@type":"WebSite","@id":"https:\/\/www.cpureus.com\/#website","url":"https:\/\/www.cpureus.com\/","name":"Cambra de la propietat urbana de Reus","description":"Cambra de la propietat urbana de Reus","potentialAction":[{"@type":"SearchAction","target":{"@type":"EntryPoint","urlTemplate":"https:\/\/www.cpureus.com\/?s={search_term_string}"},"query-input":{"@type":"PropertyValueSpecification","valueRequired":true,"valueName":"search_term_string"}}],"inLanguage":"es"}]}},"_links":{"self":[{"href":"https:\/\/www.cpureus.com\/es\/wp-json\/wp\/v2\/pages\/9700","targetHints":{"allow":["GET"]}}],"collection":[{"href":"https:\/\/www.cpureus.com\/es\/wp-json\/wp\/v2\/pages"}],"about":[{"href":"https:\/\/www.cpureus.com\/es\/wp-json\/wp\/v2\/types\/page"}],"author":[{"embeddable":true,"href":"https:\/\/www.cpureus.com\/es\/wp-json\/wp\/v2\/users\/1"}],"replies":[{"embeddable":true,"href":"https:\/\/www.cpureus.com\/es\/wp-json\/wp\/v2\/comments?post=9700"}],"version-history":[{"count":3,"href":"https:\/\/www.cpureus.com\/es\/wp-json\/wp\/v2\/pages\/9700\/revisions"}],"predecessor-version":[{"id":9704,"href":"https:\/\/www.cpureus.com\/es\/wp-json\/wp\/v2\/pages\/9700\/revisions\/9704"}],"up":[{"embeddable":true,"href":"https:\/\/www.cpureus.com\/es\/wp-json\/wp\/v2\/pages\/9866"}],"wp:attachment":[{"href":"https:\/\/www.cpureus.com\/es\/wp-json\/wp\/v2\/media?parent=9700"}],"curies":[{"name":"wp","href":"https:\/\/api.w.org\/{rel}","templated":true}]}}