{"id":9866,"date":"2021-07-15T14:42:37","date_gmt":"2021-07-15T14:42:37","guid":{"rendered":"http:\/\/www.cpureus.com\/fianzas\/formulario-fianzas-grandes-tenedores\/"},"modified":"2021-07-15T16:13:13","modified_gmt":"2021-07-15T16:13:13","slug":"formulario-fianzas-grandes-tenedores","status":"publish","type":"page","link":"https:\/\/www.cpureus.com\/es\/fianzas\/formulario-fianzas-grandes-tenedores\/","title":{"rendered":"Formulario Fianzas grandes tenedores"},"content":{"rendered":"<p>[et_pb_section fb_built=&#8221;1&#8243; module_id=&#8221;formularicomunitats&#8221; _builder_version=&#8221;4.9.0&#8243; _module_preset=&#8221;default&#8221;][et_pb_row use_custom_gutter=&#8221;on&#8221; gutter_width=&#8221;1&#8243; make_equal=&#8221;on&#8221; _builder_version=&#8221;4.9.0&#8243; _module_preset=&#8221;default&#8221; background_color=&#8221;rgba(2,2,2,0.03)&#8221; width=&#8221;50%&#8221; width_tablet=&#8221;95%&#8221; width_phone=&#8221;&#8221; width_last_edited=&#8221;on|phone&#8221; module_alignment=&#8221;center&#8221; custom_margin=&#8221;0px|0px|0px|0px|false|false&#8221; custom_padding=&#8221;20px|20px|20px|20px|false|false&#8221;][et_pb_column type=&#8221;4_4&#8243; _builder_version=&#8221;4.9.0&#8243; _module_preset=&#8221;default&#8221;][et_pb_text _builder_version=&#8221;4.9.0&#8243; _module_preset=&#8221;default&#8221; text_font=&#8221;Julius Sans One||||||||&#8221; text_text_color=&#8221;#c4261e&#8221; text_font_size=&#8221;30px&#8221; text_line_height=&#8221;2em&#8221; text_orientation=&#8221;center&#8221;]<\/p>\n<p>Servicio telem\u00e1tico<\/p>\n<p>[\/et_pb_text][et_pb_text _builder_version=&#8221;4.9.0&#8243; _module_preset=&#8221;default&#8221; text_font=&#8221;Ubuntu|300|||||||&#8221; text_text_color=&#8221;#c4261e&#8221; text_line_height=&#8221;2em&#8221; text_orientation=&#8221;center&#8221;]<\/p>\n<p>Gestor\u00edas y inmobiliarias<\/p>\n<p>[\/et_pb_text][dsm_contact_form_7 cf7_library=&#8221;8241&#8243; label_bottom_spacing=&#8221;16px&#8221; button_alignment=&#8221;left&#8221; input_background_color=&#8221;#FFFFFF&#8221; file_background_color=&#8221;#FFFFFF&#8221; _builder_version=&#8221;4.9.0&#8243; _module_preset=&#8221;default&#8221; labels_font=&#8221;Ubuntu|300|||||||&#8221; labels_text_color=&#8221;#000000&#8243; labels_font_size=&#8221;16px&#8221; labels_line_height=&#8221;1.8em&#8221; input_textarea_select_font=&#8221;Ubuntu||||||||&#8221; input_textarea_select_text_color=&#8221;#000000&#8243; input_textarea_select_font_size=&#8221;16px&#8221; input_textarea_select_line_height=&#8221;1.8em&#8221; placeholder_font=&#8221;Ubuntu||||||||&#8221; placeholder_text_color=&#8221;#000000&#8243; radio_checkbox_font=&#8221;Ubuntu||||||||&#8221; radio_checkbox_text_color=&#8221;#000000&#8243; radio_checkbox_font_size=&#8221;16px&#8221; radio_checkbox_line_height=&#8221;1.8em&#8221; file_font=&#8221;Ubuntu||||||||&#8221; file_font_size=&#8221;16px&#8221; error_msg_font=&#8221;Ubuntu||||||||&#8221; error_msg_text_color=&#8221;#E02B20&#8243; error_msg_font_size=&#8221;16px&#8221; error_msg_line_height=&#8221;1.8em&#8221; error_validation_font=&#8221;Ubuntu||||||||&#8221; error_validation_text_color=&#8221;#E02B20&#8243; error_validation_font_size=&#8221;16px&#8221; error_validation_line_height=&#8221;1.8em&#8221; success_validation_font=&#8221;Ubuntu||||||||&#8221; success_validation_text_color=&#8221;#000000&#8243; success_validation_font_size=&#8221;16px&#8221; success_validation_line_height=&#8221;1.8em&#8221; custom_button_one=&#8221;on&#8221; button_one_text_size=&#8221;20px&#8221; button_one_text_color=&#8221;#FFFFFF&#8221; button_one_bg_color=&#8221;#c4261e&#8221; button_one_border_width=&#8221;0px&#8221; button_one_border_radius=&#8221;0px&#8221; button_one_font=&#8221;Ubuntu||||||||&#8221; module_alignment=&#8221;center&#8221; custom_margin=&#8221;0px|0px|0px|0px|false|false&#8221; custom_padding=&#8221;10px|10px|10px|10px|false|false&#8221; border_width_all_image=&#8221;1px&#8221; border_color_all_image=&#8221;#d3d3d3&#8243;][\/dsm_contact_form_7][\/et_pb_column][\/et_pb_row][\/et_pb_section][et_pb_section fb_built=&#8221;1&#8243; _builder_version=&#8221;4.9.0&#8243; _module_preset=&#8221;default&#8221; background_color=&#8221;#3a3a3a&#8221; custom_margin=&#8221;0px|0px|0px|0px|false|false&#8221; custom_padding=&#8221;0px|0px|0px|0px|false|false&#8221; saved_tabs=&#8221;all&#8221;][et_pb_row use_custom_gutter=&#8221;on&#8221; gutter_width=&#8221;2&#8243; make_equal=&#8221;on&#8221; _builder_version=&#8221;4.9.0&#8243; _module_preset=&#8221;default&#8221; width=&#8221;95%&#8221; module_alignment=&#8221;center&#8221; custom_margin=&#8221;0px|0px|0px|0px|false|false&#8221; custom_padding=&#8221;20px|20px|20px|20px|false|false&#8221;][et_pb_column type=&#8221;4_4&#8243; _builder_version=&#8221;4.9.0&#8243; _module_preset=&#8221;default&#8221;][et_pb_menu menu_id=&#8221;29&#8243; menu_style=&#8221;centered&#8221; active_link_color=&#8221;#FFFFFF&#8221; _builder_version=&#8221;4.9.0&#8243; _module_preset=&#8221;default&#8221; menu_font=&#8221;Ubuntu|300|||||||&#8221; menu_text_color=&#8221;#FFFFFF&#8221; menu_font_size=&#8221;15px&#8221; background_enable_color=&#8221;off&#8221; background_layout=&#8221;dark&#8221;][\/et_pb_menu][\/et_pb_column][\/et_pb_row][\/et_pb_section]<\/p>\n","protected":false},"excerpt":{"rendered":"<p>Servicio telem\u00e1ticoGestor\u00edas y inmobiliarias<div class=\"et_pb_with_border et_pb_module dsm_contact_form_7 dsm_contact_form_7_0\">\n\t\t\t\t\n\t\t\t\t\n\t\t\t\t\n\t\t\t\t\n\t\t\t\t\n\t\t\t\t\n\t\t\t\t<div class=\"et_pb_module_inner\">\n\t\t\t\t\t<div class=\"\">\n\t\t\t\t\n<div class=\"wpcf7 no-js\" id=\"wpcf7-f9897-o1\" lang=\"es-ES\" dir=\"ltr\">\n<div class=\"screen-reader-response\"><p role=\"status\" aria-live=\"polite\" aria-atomic=\"true\"><\/p> <ul><\/ul><\/div>\n<form action=\"\/es\/wp-json\/wp\/v2\/pages\/9866#wpcf7-f9897-o1\" method=\"post\" class=\"wpcf7-form init\" aria-label=\"Formulario de contacto\" enctype=\"multipart\/form-data\" novalidate=\"novalidate\" data-status=\"init\">\n<div style=\"display: none;\">\n<input type=\"hidden\" name=\"_wpcf7\" value=\"9897\" \/>\n<input type=\"hidden\" name=\"_wpcf7_version\" value=\"5.8.5\" \/>\n<input type=\"hidden\" name=\"_wpcf7_locale\" value=\"es_ES\" \/>\n<input type=\"hidden\" name=\"_wpcf7_unit_tag\" value=\"wpcf7-f9897-o1\" \/>\n<input type=\"hidden\" name=\"_wpcf7_container_post\" value=\"0\" \/>\n<input type=\"hidden\" name=\"_wpcf7_posted_data_hash\" value=\"\" \/>\n<\/div>\n<p><span class=\"wpcf7-form-control-wrap\" data-name=\"Nom\"><input size=\"40\" class=\"wpcf7-form-control wpcf7-text wpcf7-validates-as-required\" aria-required=\"true\" aria-invalid=\"false\" value=\"Persona de contacto\" type=\"text\" name=\"Nom\" \/><\/span>\n<\/p>\n<p><span class=\"wpcf7-form-control-wrap\" data-name=\"tel\"><input size=\"40\" class=\"wpcf7-form-control wpcf7-tel wpcf7-validates-as-required wpcf7-text wpcf7-validates-as-tel\" aria-required=\"true\" aria-invalid=\"false\" value=\"Tel\u00e9fono\" type=\"tel\" name=\"tel\" \/><\/span>\n<\/p>\n<p><span class=\"wpcf7-form-control-wrap\" data-name=\"email\"><input size=\"40\" class=\"wpcf7-form-control wpcf7-email wpcf7-validates-as-required wpcf7-text wpcf7-validates-as-email\" aria-required=\"true\" aria-invalid=\"false\" value=\"Email\" type=\"email\" name=\"email\" \/><\/span>\n<\/p>\n<p><span class=\"wpcf7-form-control-wrap\" data-name=\"Servei\"><span class=\"wpcf7-form-control wpcf7-radio\"><span class=\"wpcf7-list-item first\"><label><input type=\"radio\" name=\"Servei\" value=\"Dep\u00f3sitos\" checked=\"checked\" \/><span class=\"wpcf7-list-item-label\">Dep\u00f3sitos<\/span><\/label><\/span><span class=\"wpcf7-list-item last\"><label><input type=\"radio\" name=\"Servei\" value=\"Devoluciones\" \/><span class=\"wpcf7-list-item-label\">Devoluciones<\/span><\/label><\/span><\/span><\/span>\n<\/p>\n<p>Archivos adjuntos doc o pdf\n<\/p>\n<p>Archivos<span class=\"wpcf7-form-control-wrap\" data-name=\"Fitxersadjunts\"><input size=\"40\" class=\"wpcf7-form-control wpcf7-file wpcf7-validates-as-required\" accept=\".doc,.pdf\" aria-required=\"true\" aria-invalid=\"false\" type=\"file\" name=\"Fitxersadjunts\" \/><\/span>\n<\/p>\n<p><span class=\"wpcf7-form-control-wrap\" data-name=\"Polticadades\"><span class=\"wpcf7-form-control wpcf7-acceptance optional\"><span class=\"wpcf7-list-item\"><label><input type=\"checkbox\" name=\"Polticadades\" value=\"1\" aria-invalid=\"false\" \/><span class=\"wpcf7-list-item-label\">He le\u00eddo y acepto <a href=\"http:\/\/www.cpureus.com\/fiances\/formulari-fiances\/clausula-formulari-fiances\/\">la cl\u00e1usula de INformaci\u00f3n sobre Protecci\u00f3n de datos.<\/span><\/label><\/span><\/span><\/span><br \/>\n<span class=\"wpcf7-form-control-wrap\" data-name=\"Tractamentdades\"><span class=\"wpcf7-form-control wpcf7-acceptance optional\"><span class=\"wpcf7-list-item\"><label><input type=\"checkbox\" name=\"Tractamentdades\" value=\"1\" aria-invalid=\"false\" \/><span class=\"wpcf7-list-item-label\">Autorizo el tratamiento de mis datos par apoder recibir informaci\u00f3n por medios electr\u00f3nicos<\/span><\/label><\/span><\/span><\/span><br \/>\n<button class=\"wpcf7-form-control wpcf7-submit has-spinner et_pb_button et_pb_bg_layout_light\" type=\"submit\" value=\"Enviar\">Enviar<\/button>\n<\/p><div class=\"wpcf7-response-output\" aria-hidden=\"true\"><\/div>\n<\/form>\n<\/div>\n\n\t\t\t<\/div>\n\t\t\t\t<\/div>\n\t\t\t<\/div><\/p>\n","protected":false},"author":1,"featured_media":0,"parent":9572,"menu_order":0,"comment_status":"closed","ping_status":"closed","template":"","meta":{"_et_pb_use_builder":"on","_et_pb_old_content":"","_et_gb_content_width":"","_joinchat":[],"footnotes":""},"class_list":["post-9866","page","type-page","status-publish","hentry"],"yoast_head":"<!-- This site is optimized with the Yoast SEO plugin v27.1.1 - https:\/\/yoast.com\/product\/yoast-seo-wordpress\/ -->\n<title>Formulario Fianzas grandes tenedores - Cambra de la propietat urbana de Reus<\/title>\n<meta name=\"robots\" content=\"index, follow, max-snippet:-1, max-image-preview:large, max-video-preview:-1\" \/>\n<link rel=\"canonical\" href=\"https:\/\/www.cpureus.com\/es\/fianzas\/formulario-fianzas-grandes-tenedores\/\" \/>\n<meta property=\"og:locale\" content=\"es_ES\" \/>\n<meta property=\"og:type\" content=\"article\" \/>\n<meta property=\"og:title\" content=\"Formulario Fianzas grandes tenedores - Cambra de la propietat urbana de Reus\" \/>\n<meta property=\"og:description\" content=\"Servicio telem\u00e1ticoGestor\u00edas y inmobiliarias\" \/>\n<meta property=\"og:url\" content=\"https:\/\/www.cpureus.com\/es\/fianzas\/formulario-fianzas-grandes-tenedores\/\" \/>\n<meta property=\"og:site_name\" content=\"Cambra de la propietat urbana de Reus\" \/>\n<meta property=\"article:modified_time\" content=\"2021-07-15T16:13:13+00:00\" \/>\n<meta name=\"twitter:card\" content=\"summary_large_image\" \/>\n<meta name=\"twitter:label1\" content=\"Tiempo de lectura\" \/>\n\t<meta name=\"twitter:data1\" content=\"2 minutos\" \/>\n<script type=\"application\/ld+json\" class=\"yoast-schema-graph\">{\"@context\":\"https:\/\/schema.org\",\"@graph\":[{\"@type\":\"WebPage\",\"@id\":\"https:\/\/www.cpureus.com\/es\/fianzas\/formulario-fianzas-grandes-tenedores\/\",\"url\":\"https:\/\/www.cpureus.com\/es\/fianzas\/formulario-fianzas-grandes-tenedores\/\",\"name\":\"Formulario Fianzas grandes tenedores - Cambra de la propietat urbana de Reus\",\"isPartOf\":{\"@id\":\"https:\/\/www.cpureus.com\/#website\"},\"datePublished\":\"2021-07-15T14:42:37+00:00\",\"dateModified\":\"2021-07-15T16:13:13+00:00\",\"breadcrumb\":{\"@id\":\"https:\/\/www.cpureus.com\/es\/fianzas\/formulario-fianzas-grandes-tenedores\/#breadcrumb\"},\"inLanguage\":\"es\",\"potentialAction\":[{\"@type\":\"ReadAction\",\"target\":[\"https:\/\/www.cpureus.com\/es\/fianzas\/formulario-fianzas-grandes-tenedores\/\"]}]},{\"@type\":\"BreadcrumbList\",\"@id\":\"https:\/\/www.cpureus.com\/es\/fianzas\/formulario-fianzas-grandes-tenedores\/#breadcrumb\",\"itemListElement\":[{\"@type\":\"ListItem\",\"position\":1,\"name\":\"Inici\",\"item\":\"https:\/\/www.cpureus.com\/es\/\"},{\"@type\":\"ListItem\",\"position\":2,\"name\":\"Fianzas\",\"item\":\"https:\/\/www.cpureus.com\/es\/fianzas\/\"},{\"@type\":\"ListItem\",\"position\":3,\"name\":\"Formulario Fianzas grandes tenedores\"}]},{\"@type\":\"WebSite\",\"@id\":\"https:\/\/www.cpureus.com\/#website\",\"url\":\"https:\/\/www.cpureus.com\/\",\"name\":\"Cambra de la propietat urbana de Reus\",\"description\":\"Cambra de la propietat urbana de Reus\",\"potentialAction\":[{\"@type\":\"SearchAction\",\"target\":{\"@type\":\"EntryPoint\",\"urlTemplate\":\"https:\/\/www.cpureus.com\/?s={search_term_string}\"},\"query-input\":{\"@type\":\"PropertyValueSpecification\",\"valueRequired\":true,\"valueName\":\"search_term_string\"}}],\"inLanguage\":\"es\"}]}<\/script>\n<!-- \/ Yoast SEO plugin. -->","yoast_head_json":{"title":"Formulario Fianzas grandes tenedores - Cambra de la propietat urbana de Reus","robots":{"index":"index","follow":"follow","max-snippet":"max-snippet:-1","max-image-preview":"max-image-preview:large","max-video-preview":"max-video-preview:-1"},"canonical":"https:\/\/www.cpureus.com\/es\/fianzas\/formulario-fianzas-grandes-tenedores\/","og_locale":"es_ES","og_type":"article","og_title":"Formulario Fianzas grandes tenedores - Cambra de la propietat urbana de Reus","og_description":"Servicio telem\u00e1ticoGestor\u00edas y inmobiliarias","og_url":"https:\/\/www.cpureus.com\/es\/fianzas\/formulario-fianzas-grandes-tenedores\/","og_site_name":"Cambra de la propietat urbana de Reus","article_modified_time":"2021-07-15T16:13:13+00:00","twitter_card":"summary_large_image","twitter_misc":{"Tiempo de lectura":"2 minutos"},"schema":{"@context":"https:\/\/schema.org","@graph":[{"@type":"WebPage","@id":"https:\/\/www.cpureus.com\/es\/fianzas\/formulario-fianzas-grandes-tenedores\/","url":"https:\/\/www.cpureus.com\/es\/fianzas\/formulario-fianzas-grandes-tenedores\/","name":"Formulario Fianzas grandes tenedores - Cambra de la propietat urbana de Reus","isPartOf":{"@id":"https:\/\/www.cpureus.com\/#website"},"datePublished":"2021-07-15T14:42:37+00:00","dateModified":"2021-07-15T16:13:13+00:00","breadcrumb":{"@id":"https:\/\/www.cpureus.com\/es\/fianzas\/formulario-fianzas-grandes-tenedores\/#breadcrumb"},"inLanguage":"es","potentialAction":[{"@type":"ReadAction","target":["https:\/\/www.cpureus.com\/es\/fianzas\/formulario-fianzas-grandes-tenedores\/"]}]},{"@type":"BreadcrumbList","@id":"https:\/\/www.cpureus.com\/es\/fianzas\/formulario-fianzas-grandes-tenedores\/#breadcrumb","itemListElement":[{"@type":"ListItem","position":1,"name":"Inici","item":"https:\/\/www.cpureus.com\/es\/"},{"@type":"ListItem","position":2,"name":"Fianzas","item":"https:\/\/www.cpureus.com\/es\/fianzas\/"},{"@type":"ListItem","position":3,"name":"Formulario Fianzas grandes tenedores"}]},{"@type":"WebSite","@id":"https:\/\/www.cpureus.com\/#website","url":"https:\/\/www.cpureus.com\/","name":"Cambra de la propietat urbana de Reus","description":"Cambra de la propietat urbana de Reus","potentialAction":[{"@type":"SearchAction","target":{"@type":"EntryPoint","urlTemplate":"https:\/\/www.cpureus.com\/?s={search_term_string}"},"query-input":{"@type":"PropertyValueSpecification","valueRequired":true,"valueName":"search_term_string"}}],"inLanguage":"es"}]}},"_links":{"self":[{"href":"https:\/\/www.cpureus.com\/es\/wp-json\/wp\/v2\/pages\/9866","targetHints":{"allow":["GET"]}}],"collection":[{"href":"https:\/\/www.cpureus.com\/es\/wp-json\/wp\/v2\/pages"}],"about":[{"href":"https:\/\/www.cpureus.com\/es\/wp-json\/wp\/v2\/types\/page"}],"author":[{"embeddable":true,"href":"https:\/\/www.cpureus.com\/es\/wp-json\/wp\/v2\/users\/1"}],"replies":[{"embeddable":true,"href":"https:\/\/www.cpureus.com\/es\/wp-json\/wp\/v2\/comments?post=9866"}],"version-history":[{"count":13,"href":"https:\/\/www.cpureus.com\/es\/wp-json\/wp\/v2\/pages\/9866\/revisions"}],"predecessor-version":[{"id":9927,"href":"https:\/\/www.cpureus.com\/es\/wp-json\/wp\/v2\/pages\/9866\/revisions\/9927"}],"up":[{"embeddable":true,"href":"https:\/\/www.cpureus.com\/es\/wp-json\/wp\/v2\/pages\/9572"}],"wp:attachment":[{"href":"https:\/\/www.cpureus.com\/es\/wp-json\/wp\/v2\/media?parent=9866"}],"curies":[{"name":"wp","href":"https:\/\/api.w.org\/{rel}","templated":true}]}}